{"id":402,"date":"2024-12-15T12:12:12","date_gmt":"2024-12-15T12:12:12","guid":{"rendered":"http:\/\/localhost:8888\/bedrijven\/Asinello\/?page_id=402"},"modified":"2025-08-21T20:01:20","modified_gmt":"2025-08-21T20:01:20","slug":"over-ons","status":"publish","type":"page","link":"https:\/\/www.asinello.be\/de\/over-ons\/","title":{"rendered":"\u00dcber uns"},"content":{"rendered":"<section class=\"l-section wpb_row height_auto\"><div class=\"l-section-h i-cf\"><div class=\"g-cols vc_row via_grid cols_2-1 laptops-cols_inherit tablets-cols_inherit mobiles-cols_1 valign_top type_default stacking_default\"><div class=\"wpb_column vc_column_container\"><div class=\"vc_column-inner\"><div class=\"wpb_text_column\"><div class=\"wpb_wrapper\"><p>Das Haus, das heute 3 moderne Zimmer beherbergt, wurde in der Vergangenheit mehrfach umgenutzt. Einst war es ein Nebengeb\u00e4ude der Karmeliter von Gent, eines M\u00f6nchsordens, der die Armen in Br\u00fcgge aufnahm. Im 19.<sup>die<\/sup> Jahrhundert lebte hier der Bruder von Guido Gezelle, ein bekannter fl\u00e4mischer Dichtervater, Romain Gezelle. Er er\u00f6ffnete hier eine \"Vierwerkstatt\" und war somit ein Feuerwerker. Schon damals war dies ein gef\u00e4hrlicher Beruf. Im Auftrag der Stadt musste er das Stadttor an der Katelijne-Br\u00fccke in die Luft jagen und dabei ging einiges schief. Er wurde schwer verletzt und ein Bein wurde ihm im St. John's Hospital abgetrennt.<\/p>\n<p>An sein Gesch\u00e4ft war ein Blumengew\u00e4chshaus angeschlossen, das frei zug\u00e4nglich war.<\/p>\n<p>Auch heute noch ist diese Adresse ein Ort der gro\u00dfz\u00fcgigen Gastfreundschaft und Offenheit. Ein idealer Ausgangspunkt im Stadtzentrum, um nicht nur die ber\u00fchmten Sehensw\u00fcrdigkeiten von Br\u00fcgge zu entdecken, sondern auch die ruhigeren, ungeahnten Sch\u00e4tze. Wir beraten Sie gerne bei dieser Entdeckungsreise.<\/p>\n<p>Wir, V\u00e9ronique und Jan, lieben unsere Stadt, leben gerne dort und entdecken jeden Tag aufs Neue, was die Stadt an Kultur, Entspannung und Gastronomie zu bieten hat.<\/p>\n<p>Das Haus liegt zwar in der N\u00e4he des Marktplatzes, aber es ist sehr ruhig zwischen zwei Stra\u00dfen gelegen. Nur die Eingangst\u00fcr \u00f6ffnet sich auf die Ezelstraat 59. Durch die Eingangst\u00fcr betreten Sie den Innenhofgarten des B&amp;B, eine Oase der Ruhe.<\/p>\n<p>In unserem Zuhause verweilen wir gerne inmitten von stilvollen M\u00f6beln, sch\u00f6nen Designobjekten und hier und da Kunst.<\/p>\n<p>Das Haus ist auch gut gelegen, um die Umgebung von Br\u00fcgge mit dem Fahrrad oder den \u00f6ffentlichen Verkehrsmitteln zu erkunden oder sogar einen Ausflug ans Meer zu machen, das weniger als 15 km entfernt ist.<\/p>\n<\/div><\/div><\/div><\/div><div class=\"wpb_column vc_column_container\"><div class=\"vc_column-inner\"><div class=\"w-image us_custom_9cf479d2 align_none\"><div class=\"w-image-h\"><img decoding=\"async\" width=\"1707\" height=\"2560\" src=\"https:\/\/www.asinello.be\/wp-content\/uploads\/2025\/08\/Asinello-1-scaled.jpg\" class=\"attachment-full size-full\" alt=\"\" loading=\"lazy\" srcset=\"https:\/\/www.asinello.be\/wp-content\/uploads\/2025\/08\/Asinello-1-scaled.jpg 1707w, https:\/\/www.asinello.be\/wp-content\/uploads\/2025\/08\/Asinello-1-200x300.jpg 200w, https:\/\/www.asinello.be\/wp-content\/uploads\/2025\/08\/Asinello-1-683x1024.jpg 683w, https:\/\/www.asinello.be\/wp-content\/uploads\/2025\/08\/Asinello-1-67x100.jpg 67w, https:\/\/www.asinello.be\/wp-content\/uploads\/2025\/08\/Asinello-1-133x200.jpg 133w, https:\/\/www.asinello.be\/wp-content\/uploads\/2025\/08\/Asinello-1-100x150.jpg 100w\" sizes=\"auto, (max-width: 1707px) 100vw, 1707px\" \/><\/div><\/div><\/div><\/div><\/div><\/div><\/section>","protected":false},"excerpt":{"rendered":"Het huis, waarin nu 3 moderne kamers zijn ingericht, heeft verscheidene andere bestemmingen gehad in het verleden. Het was ooit een bijhuis van de Ongeschoeide karmelietessen van Gent, een kloosterorde, dat in Brugge armen opving. In de 19de eeuw woonde hier de broer van Guido Gezelle, een bekende Vlaamse pater-dichter, Romain Gezelle. Hij opende hier...","protected":false},"author":1,"featured_media":0,"parent":0,"menu_order":0,"comment_status":"closed","ping_status":"closed","template":"","meta":{"_acf_changed":false,"_seopress_robots_primary_cat":"","_seopress_titles_title":"","_seopress_titles_desc":"","_seopress_robots_index":"","footnotes":""},"class_list":["post-402","page","type-page","status-publish","hentry"],"acf":[],"_links":{"self":[{"href":"https:\/\/www.asinello.be\/de\/wp-json\/wp\/v2\/pages\/402","targetHints":{"allow":["GET"]}}],"collection":[{"href":"https:\/\/www.asinello.be\/de\/wp-json\/wp\/v2\/pages"}],"about":[{"href":"https:\/\/www.asinello.be\/de\/wp-json\/wp\/v2\/types\/page"}],"author":[{"embeddable":true,"href":"https:\/\/www.asinello.be\/de\/wp-json\/wp\/v2\/users\/1"}],"replies":[{"embeddable":true,"href":"https:\/\/www.asinello.be\/de\/wp-json\/wp\/v2\/comments?post=402"}],"version-history":[{"count":10,"href":"https:\/\/www.asinello.be\/de\/wp-json\/wp\/v2\/pages\/402\/revisions"}],"predecessor-version":[{"id":696,"href":"https:\/\/www.asinello.be\/de\/wp-json\/wp\/v2\/pages\/402\/revisions\/696"}],"wp:attachment":[{"href":"https:\/\/www.asinello.be\/de\/wp-json\/wp\/v2\/media?parent=402"}],"curies":[{"name":"wp","href":"https:\/\/api.w.org\/{rel}","templated":true}]}}