{"id":460,"date":"2024-12-17T19:56:54","date_gmt":"2024-12-17T19:56:54","guid":{"rendered":"http:\/\/localhost:8888\/bedrijven\/Asinello\/?page_id=460"},"modified":"2025-09-20T20:05:02","modified_gmt":"2025-09-20T20:05:02","slug":"goed-om-weten","status":"publish","type":"page","link":"https:\/\/www.asinello.be\/de\/goed-om-weten\/","title":{"rendered":"Gut zu wissen"},"content":{"rendered":"<section class=\"l-section wpb_row height_small\"><div class=\"l-section-h i-cf\"><div class=\"g-cols vc_row via_grid cols_1 laptops-cols_inherit tablets-cols_inherit mobiles-cols_1 valign_top type_default stacking_default\"><div class=\"wpb_column vc_column_container\"><div class=\"vc_column-inner\"><div class=\"wpb_text_column\"><div class=\"wpb_wrapper\"><p>B&amp;B Asinello befindet sich in der Ezelstraat im Herzen von Br\u00fcgge. Kommen Sie mit uns f\u00fcr ein sch\u00f6nes Wochenende weg.<\/p>\n<\/div><\/div><h3 style=\"text-align: left;font-family:Cookie;font-weight:400;font-style:normal\" class=\"vc_custom_heading vc_do_custom_heading us_custom_0f8f44b7\" >Einchecken &amp; Auschecken<\/h3><div class=\"wpb_text_column\"><div class=\"wpb_wrapper\"><p>Wir begr\u00fc\u00dfen Sie <strong>zwischen 16.00 und 19.00 Uhr<\/strong>. Sollte das nicht funktionieren, geben Sie uns bitte Bescheid (+32475414309).<\/p>\n<\/div><\/div><\/div><\/div><\/div><\/div><\/section><section class=\"l-section wpb_row us_custom_d44d8758 has_text_color height_small\"><div class=\"l-section-h i-cf\"><div class=\"g-cols vc_row via_grid cols_2 laptops-cols_inherit tablets-cols_inherit mobiles-cols_1 valign_top type_default stacking_default\" style=\"--columns-gap:1.5rem;\"><div class=\"wpb_column vc_column_container us_custom_4cefe6e8 has_bg_color\"><div class=\"vc_column-overlay\" style=\"background:rgba(0,0,0,0.15)\"><\/div><div class=\"vc_column-inner\"><h3 style=\"text-align: center;font-family:Cookie;font-weight:400;font-style:normal\" class=\"vc_custom_heading vc_do_custom_heading us_custom_0f8f44b7\" >Hamam<\/h3><div class=\"wpb_text_column\"><div class=\"wpb_wrapper\"><p>W\u00e4hrend Ihres Aufenthalts k\u00f6nnen Sie diese einmal kostenlos nutzen. Buchen Sie vor Ort.<\/p>\n<\/div><\/div><\/div><\/div><div class=\"wpb_column vc_column_container us_custom_fad91446 has_bg_color\"><div class=\"vc_column-overlay\" style=\"background:rgba(0,0,0,0.3)\"><\/div><div class=\"vc_column-inner\"><h3 style=\"text-align: center;font-family:Cookie;font-weight:400;font-style:normal\" class=\"vc_custom_heading vc_do_custom_heading us_custom_cda6f729\" >Fr\u00fchst\u00fcck<\/h3><div class=\"wpb_text_column\"><div class=\"wpb_wrapper\"><p style=\"text-align: center;\">Beginnen Sie den Tag mit einem k\u00f6stlichen Fr\u00fchst\u00fcck. W\u00e4hlen Sie zwischen <strong>8.30 Uhr und 10 Uhr<\/strong> wenn Sie das Fr\u00fchst\u00fccksbuffet mit frischen (Bio-)Produkten genie\u00dfen m\u00f6chten. Wenn Sie bestimmte di\u00e4tetische Anforderungen haben, z\u00f6gern Sie nicht, dies im Voraus zu erw\u00e4hnen. Wir werden unser Angebot entsprechend anpassen.<\/p>\n<\/div><\/div><\/div><\/div><\/div><\/div><\/section><section class=\"l-section wpb_row height_auto\"><div class=\"l-section-h i-cf\"><div class=\"g-cols vc_row via_grid cols_1 laptops-cols_inherit tablets-cols_inherit mobiles-cols_1 valign_top type_default stacking_default\"><div class=\"wpb_column vc_column_container\"><div class=\"vc_column-inner\"><h3 style=\"text-align: left;font-family:Cookie;font-weight:400;font-style:normal\" class=\"vc_custom_heading vc_do_custom_heading us_custom_0f8f44b7\" >Transport<\/h3><div class=\"wpb_text_column\"><div class=\"wpb_wrapper\"><p>Wenn Sie mit dem Zug anreisen, k\u00f6nnen Sie den elektrischen Shuttlebus (3 Euro\/P) benutzen, der an der Kiss&amp;Ride-Zone am Bahnhof abf\u00e4hrt und durch das Zentrum zur Ezelstraat f\u00e4hrt.<\/p>\n<\/div><\/div><\/div><\/div><\/div><\/div><\/section><section class=\"l-section wpb_row height_small\"><div class=\"l-section-h i-cf\"><div class=\"g-cols vc_row via_grid cols_1 laptops-cols_inherit tablets-cols_inherit mobiles-cols_1 valign_top type_default stacking_default\"><div class=\"wpb_column vc_column_container\"><div class=\"vc_column-inner\"><h3 style=\"text-align: left;font-family:Cookie;font-weight:400;font-style:normal\" class=\"vc_custom_heading vc_do_custom_heading us_custom_cda6f729\" >Parken<\/h3><div class=\"g-cols wpb_row via_grid cols_2 laptops-cols_inherit tablets-cols_inherit mobiles-cols_1 valign_top type_default stacking_default\" style=\"--columns-gap:3rem;\"><div class=\"wpb_column vc_column_container\"><div class=\"vc_column-inner\"><div class=\"w-map provider_osm us_custom_77d69f7d\" id=\"us_map_1\"><div class=\"w-map-inner\"><div class=\"w-map-json\" onclick='return {&quot;address&quot;:&quot;51.21310306211829, 3.218387099088339&quot;,&quot;disableDragging&quot;:0,&quot;disableZoom&quot;:0,&quot;hideControls&quot;:0,&quot;zoom&quot;:16,&quot;markers&quot;:[{&quot;address&quot;:&quot;51.21310306211829, 3.218387099088339&quot;,&quot;html&quot;:&quot;B&amp;B Asinello&quot;,&quot;infowindow&quot;:&quot;1&quot;},{&quot;address&quot;:&quot;51.214149411383744, 3.2197560821777866&quot;,&quot;html&quot;:&quot;Parking Ezelstraat&quot;,&quot;marker_img&quot;:null,&quot;marker_size&quot;:[&quot;30&quot;,&quot;30&quot;]}],&quot;style&quot;:&quot;https:\\\/\\\/{s}.tile.openstreetmap.org\\\/{z}\\\/{x}\\\/{y}.png&quot;}'><\/div><\/div><\/div><\/div><\/div><div class=\"wpb_column vc_column_container\"><div class=\"vc_column-inner\"><div class=\"wpb_text_column\"><div class=\"wpb_wrapper\"><p>Wenn Sie mit dem Auto kommen, k\u00f6nnen Sie bei uns einen privaten Parkplatz reservieren (14euro\/24h). Er befindet sich in der gleichen Stra\u00dfe, in der N\u00e4he des B&amp;B.<\/p>\n<p>Sollten keine weiteren Parkpl\u00e4tze mehr zur Verf\u00fcgung stehen, k\u00f6nnen Sie auf dem \u00f6ffentlichen Parkplatz \"Ezelstraat\" parken, der sich in der <span>Hugo Losschaertstraat.<\/span><\/p>\n<\/div><\/div><\/div><\/div><\/div><\/div><\/div><\/div><\/div><\/section>","protected":false},"excerpt":{"rendered":"B&amp;B Asinello is gelegen in de Ezelstraat in het hartje van Brugge. Kom bij ons verblijven voor een fijn weekendje weg. Checkin &amp; CheckoutWe verwelkomen je graag tussen 16u-19u. Lukt dat niet, laat het dan even weten (+32475414309). HamamTijdens je verblijf kan je hiervan \u00e9\u00e9n keer gratis gebruik maken. Reserveer ter plaatse. OntbijtStart de dag...","protected":false},"author":1,"featured_media":0,"parent":0,"menu_order":0,"comment_status":"closed","ping_status":"closed","template":"","meta":{"_acf_changed":false,"_seopress_robots_primary_cat":"","_seopress_titles_title":"","_seopress_titles_desc":"","_seopress_robots_index":"","footnotes":""},"class_list":["post-460","page","type-page","status-publish","hentry"],"acf":[],"_links":{"self":[{"href":"https:\/\/www.asinello.be\/de\/wp-json\/wp\/v2\/pages\/460","targetHints":{"allow":["GET"]}}],"collection":[{"href":"https:\/\/www.asinello.be\/de\/wp-json\/wp\/v2\/pages"}],"about":[{"href":"https:\/\/www.asinello.be\/de\/wp-json\/wp\/v2\/types\/page"}],"author":[{"embeddable":true,"href":"https:\/\/www.asinello.be\/de\/wp-json\/wp\/v2\/users\/1"}],"replies":[{"embeddable":true,"href":"https:\/\/www.asinello.be\/de\/wp-json\/wp\/v2\/comments?post=460"}],"version-history":[{"count":65,"href":"https:\/\/www.asinello.be\/de\/wp-json\/wp\/v2\/pages\/460\/revisions"}],"predecessor-version":[{"id":1029,"href":"https:\/\/www.asinello.be\/de\/wp-json\/wp\/v2\/pages\/460\/revisions\/1029"}],"wp:attachment":[{"href":"https:\/\/www.asinello.be\/de\/wp-json\/wp\/v2\/media?parent=460"}],"curies":[{"name":"wp","href":"https:\/\/api.w.org\/{rel}","templated":true}]}}