{"id":878,"date":"2025-08-31T19:15:05","date_gmt":"2025-08-31T19:15:05","guid":{"rendered":"https:\/\/asinello.hcwebsites.be\/?page_id=878"},"modified":"2025-09-07T19:14:06","modified_gmt":"2025-09-07T19:14:06","slug":"algemene-voorwaarden","status":"publish","type":"page","link":"https:\/\/www.asinello.be\/de\/algemene-voorwaarden\/","title":{"rendered":"Allgemeine Bedingungen und Konditionen"},"content":{"rendered":"<section class=\"l-section wpb_row height_auto\"><div class=\"l-section-h i-cf\"><div class=\"g-cols vc_row via_grid cols_1 laptops-cols_inherit tablets-cols_inherit mobiles-cols_1 valign_top type_default stacking_default\"><div class=\"wpb_column vc_column_container\"><div class=\"vc_column-inner\"><div class=\"wpb_text_column\"><div class=\"wpb_wrapper\"><ol>\n<li><strong> Allgemein<\/strong><\/li>\n<\/ol>\n<p>Diese allgemeinen Bedingungen gelten f\u00fcr alle Reservierungen, Vereinbarungen und Dienstleistungen von B&amp;B Asinello, in Br\u00fcgge, Ezelstraat 59A.<\/p>\n<p>Mit der Buchung eines Zimmers erkl\u00e4ren Sie sich mit diesen Bedingungen einverstanden.<\/p>\n<ol start=\"2\">\n<li><strong> Buchung und Bezahlung<\/strong><\/li>\n<\/ol>\n<p>Eine Reservierung ist erst nach Erhalt einer Anzahlung von 50% des Gesamtbetrags und einer schriftlichen Best\u00e4tigung per E-Mail endg\u00fcltig.<\/p>\n<p>Die angegebenen Preise gelten pro Nacht und beinhalten Fr\u00fchst\u00fcck, Mehrwertsteuer und Kurtaxe, sofern nicht anders angegeben.<\/p>\n<p>Die Zahlung des Gesamtbetrages muss in der Art und Weise und innerhalb der Frist erfolgen, die in der Buchungsbest\u00e4tigung angegeben sind.<\/p>\n<ol start=\"3\">\n<li><strong> Stornierung<\/strong><\/li>\n<\/ol>\n<p>Stornierungen bis zu 7 Tage vor dem Anreisedatum sind kostenlos.<\/p>\n<p>Bei einer Stornierung innerhalb von 7 Tagen vor dem Anreisedatum oder bei Nichterscheinen werden 100% des gesamten Aufenthaltspreises berechnet.<\/p>\n<p>Wir empfehlen Ihnen den Abschluss einer Reise- und Reiser\u00fccktrittsversicherung.<\/p>\n<ol start=\"4\">\n<li><strong> Hausordnung<\/strong><\/li>\n<\/ol>\n<p>Mit der Reservierung erkl\u00e4ren Sie sich mit der Hausordnung des B&amp;B Asinello einverstanden. Diese kann auf unserer Website eingesehen werden und liegt auch im B&amp;B zur Einsichtnahme aus.<\/p>\n<p>Im Falle eines Versto\u00dfes gegen die Hausordnung beh\u00e4lt sich das B&amp;B Asinello das Recht vor, den Vertrag sofort zu k\u00fcndigen, ohne die Kosten f\u00fcr die Unterkunft zu erstatten.<\/p>\n<p>Besch\u00e4digungen am Eigentum des B&amp;B werden in Rechnung gestellt.<\/p>\n<ol start=\"5\">\n<li><strong> Haftung<\/strong><\/li>\n<\/ol>\n<p>B&amp;B Asinello haftet nicht f\u00fcr Verlust, Diebstahl, Unf\u00e4lle oder Sch\u00e4den an pers\u00f6nlichen Gegenst\u00e4nden oder Personen, die w\u00e4hrend des Aufenthaltes im B&amp;B entstehen.<\/p>\n<p>Das B&amp;B haftet nicht f\u00fcr Leistungsst\u00f6rungen, wie Strom-, Internet- oder Wasserausf\u00e4lle, oder f\u00fcr Bel\u00e4stigungen, die durch Dritte verursacht werden.<\/p>\n<ol start=\"6\">\n<li><strong> H\u00f6here Gewalt<\/strong><\/li>\n<\/ol>\n<p>Im Falle von h\u00f6herer Gewalt (z.B. Naturkatastrophen, Feuer, extreme Wetterbedingungen) beh\u00e4lt sich B&amp;B Asinello das Recht vor, die Reservierung zu stornieren oder zu \u00e4ndern, ohne dass der Gast Anspruch auf Entsch\u00e4digung hat.<\/p>\n<ol start=\"7\">\n<li><strong> Beanstandungen<\/strong><\/li>\n<\/ol>\n<p>Beschwerden \u00fcber den Aufenthalt sollten sofort und an Ort und Stelle gemeldet werden, damit wir versuchen k\u00f6nnen, sie zu beheben.<\/p>\n<ol start=\"8\">\n<li><strong> Anwendbares Recht<\/strong><\/li>\n<\/ol>\n<p>Alle Vereinbarungen zwischen Ihnen und B&amp;B Asinello unterliegen dem belgischen Recht.<\/p>\n<\/div><\/div><\/div><\/div><\/div><\/div><\/section>","protected":false},"excerpt":{"rendered":"Algemeen Deze algemene voorwaarden zijn van toepassing op alle reserveringen, overeenkomsten en diensten van B&amp;B Asinello, gevestigd te Brugge, Ezelstraat 59A. Met het boeken van een kamer ga je akkoord met deze algemene voorwaarden. Reservering en Betaling Een reservering is pas definitief na ontvangst van een aanbetaling van 50% van het totaalbedrag en na schriftelijke...","protected":false},"author":1,"featured_media":0,"parent":0,"menu_order":0,"comment_status":"closed","ping_status":"closed","template":"","meta":{"_acf_changed":false,"_seopress_robots_primary_cat":"","_seopress_titles_title":"","_seopress_titles_desc":"","_seopress_robots_index":"","footnotes":""},"class_list":["post-878","page","type-page","status-publish","hentry"],"acf":[],"_links":{"self":[{"href":"https:\/\/www.asinello.be\/de\/wp-json\/wp\/v2\/pages\/878","targetHints":{"allow":["GET"]}}],"collection":[{"href":"https:\/\/www.asinello.be\/de\/wp-json\/wp\/v2\/pages"}],"about":[{"href":"https:\/\/www.asinello.be\/de\/wp-json\/wp\/v2\/types\/page"}],"author":[{"embeddable":true,"href":"https:\/\/www.asinello.be\/de\/wp-json\/wp\/v2\/users\/1"}],"replies":[{"embeddable":true,"href":"https:\/\/www.asinello.be\/de\/wp-json\/wp\/v2\/comments?post=878"}],"version-history":[{"count":2,"href":"https:\/\/www.asinello.be\/de\/wp-json\/wp\/v2\/pages\/878\/revisions"}],"predecessor-version":[{"id":903,"href":"https:\/\/www.asinello.be\/de\/wp-json\/wp\/v2\/pages\/878\/revisions\/903"}],"wp:attachment":[{"href":"https:\/\/www.asinello.be\/de\/wp-json\/wp\/v2\/media?parent=878"}],"curies":[{"name":"wp","href":"https:\/\/api.w.org\/{rel}","templated":true}]}}