{"id":904,"date":"2025-09-07T19:15:48","date_gmt":"2025-09-07T19:15:48","guid":{"rendered":"https:\/\/asinello.hcwebsites.be\/?page_id=904"},"modified":"2025-09-07T19:15:48","modified_gmt":"2025-09-07T19:15:48","slug":"huisregels","status":"publish","type":"page","link":"https:\/\/www.asinello.be\/de\/huisregels\/","title":{"rendered":"Hausordnung"},"content":{"rendered":"<section class=\"l-section wpb_row height_auto\"><div class=\"l-section-h i-cf\"><div class=\"g-cols vc_row via_grid cols_1 laptops-cols_inherit tablets-cols_inherit mobiles-cols_1 valign_top type_default stacking_default\"><div class=\"wpb_column vc_column_container\"><div class=\"vc_column-inner\"><div class=\"wpb_text_column\"><div class=\"wpb_wrapper\"><p>Willkommen im B&amp;B Asinello! Wir bem\u00fchen uns, Ihnen einen angenehmen und erholsamen Aufenthalt zu bieten. Um dies f\u00fcr alle unsere G\u00e4ste zu gew\u00e4hrleisten, bitten wir Sie, die folgende Hausordnung zu beachten.<\/p>\n<p><strong>Allgemein<\/strong><\/p>\n<p>Respekt und Ruhe: Wir bitten Sie, das B&amp;B, unser Eigentum und die Ruhe der anderen G\u00e4ste zu respektieren. Zwischen 22:00 und 08:00 Uhr bitten wir um Ruhe in den Zimmern und Gemeinschaftsr\u00e4umen.<\/p>\n<p>Haftung: B&amp;B Asinello haftet nicht f\u00fcr Verlust, Diebstahl oder Besch\u00e4digung von pers\u00f6nlichen Gegenst\u00e4nden.<\/p>\n<p>Besch\u00e4digungen: Wenn etwas versehentlich kaputt geht, melden Sie es uns bitte sofort. Bei absichtlicher Besch\u00e4digung k\u00f6nnen Reparatur- oder Ersatzkosten anfallen.<\/p>\n<p><strong>Einchecken und Auschecken<\/strong><\/p>\n<p>Check-in: Die Zimmer sind ab 16:00 Uhr verf\u00fcgbar. Wenn Sie fr\u00fcher einchecken m\u00f6chten, kontaktieren Sie uns bitte im Voraus, um die M\u00f6glichkeiten zu besprechen.<\/p>\n<p>Auschecken: Sie m\u00fcssen das Zimmer bis 11:00 Uhr verlassen. Bitte geben Sie beim Check-out Ihren Schl\u00fcssel ab und bezahlen Sie den Restbetrag Ihrer Rechnung.<\/p>\n<p><strong>Die Zimmer<\/strong><\/p>\n<p>Rauchen: Das Rauchen ist im B&amp;B und in den Zimmern strengstens verboten. Ein Raucherbereich ist im Freien vorhanden.<\/p>\n<p>Essen und Trinken: Essen und Trinken in den Zimmern ist erlaubt, aber seien Sie vorsichtig mit Flecken.<\/p>\n<p>Heizung und L\u00fcftung: Wir bitten Sie, Fenster und T\u00fcren zu schlie\u00dfen, wenn die Heizung oder Klimaanlage eingeschaltet ist.<\/p>\n<p>Schl\u00fcssel: Sie sind selbst f\u00fcr Ihren Zimmer- und Haust\u00fcrschl\u00fcssel verantwortlich. Bei Verlust sind wir verpflichtet, eine Geb\u00fchr zu erheben.<\/p>\n<p>Whirlpool: Bitte aktivieren Sie den Whirlpool nicht zwischen 22.00 und 8.00 Uhr, um die Ruhe zu bewahren. Verwenden Sie keinen Badeschaum, wenn Sie die Blasen aktivieren m\u00f6chten.<\/p>\n<p><strong>Fr\u00fchst\u00fcck<\/strong><\/p>\n<p>Das Fr\u00fchst\u00fcck wird von 08:30 bis 10:30 Uhr im Fr\u00fchst\u00fccksraum serviert.<\/p>\n<p>Haben Sie Di\u00e4tvorschriften oder Allergien? Dann informieren Sie uns im Voraus, damit wir dies ber\u00fccksichtigen k\u00f6nnen.<\/p>\n<p><strong>G\u00e4ste<\/strong><\/p>\n<p>Der Empfang von Besuchern in den Zimmern ist nur nach vorheriger Absprache mit uns gestattet.<\/p>\n<p>Sie sind f\u00fcr Ihre G\u00e4ste und die Einhaltung dieser Regeln verantwortlich.<\/p>\n<p>Kinder unter 12 Jahren sind im B&amp;B Asinello nicht erlaubt.<\/p>\n<p><strong>Hammam<\/strong><\/p>\n<p>Sie k\u00f6nnen pro Aufenthalt eine Sitzung in unserem Hammam buchen. Sie k\u00f6nnen dies mit uns beim Fr\u00fchst\u00fcck besprechen. Wir werden unser Bestes tun, um dies zu planen, aber wir k\u00f6nnen es nicht garantieren, je nach Verf\u00fcgbarkeit.<\/p>\n<p><strong>Ehrlichkeits-Bar<\/strong><\/p>\n<p>In unserem Aufenthaltsraum finden Sie einen K\u00fchlschrank mit verschiedenen Getr\u00e4nken. Die Preise stehen auf der Preisliste daneben. Sie k\u00f6nnen die Getr\u00e4nke vor Ort in bar bezahlen, indem Sie den Betrag in das Glas werfen, oder Sie notieren sich den Verbrauch, damit wir ihn beim Auschecken abrechnen k\u00f6nnen.<\/p>\n<p><strong>Haustiere<\/strong><\/p>\n<p>Aus Gr\u00fcnden der Hygiene und der Ruhe unserer G\u00e4ste sind Haustiere in unserem B&amp;B nicht erlaubt.<\/p>\n<p>Bei Verst\u00f6\u00dfen gegen die Hausordnung behalten wir uns das Recht vor, den Vertrag sofort zu k\u00fcndigen, ohne die Unterkunftskosten zu erstatten.<\/p>\n<\/div><\/div><\/div><\/div><\/div><\/div><\/section>","protected":false},"excerpt":{"rendered":"Welkom bij B&amp;B Asinello! We doen er alles aan om je een aangenaam en ontspannen verblijf te bezorgen. Om dit voor al onze gasten te garanderen, vragen we je vriendelijk om rekening te houden met de volgende huisregels. Algemeen Respect en rust: We vragen je om respect te hebben voor de B&amp;B, onze eigendommen en...","protected":false},"author":1,"featured_media":0,"parent":0,"menu_order":0,"comment_status":"closed","ping_status":"closed","template":"","meta":{"_acf_changed":false,"_seopress_robots_primary_cat":"","_seopress_titles_title":"","_seopress_titles_desc":"","_seopress_robots_index":"","footnotes":""},"class_list":["post-904","page","type-page","status-publish","hentry"],"acf":[],"_links":{"self":[{"href":"https:\/\/www.asinello.be\/de\/wp-json\/wp\/v2\/pages\/904","targetHints":{"allow":["GET"]}}],"collection":[{"href":"https:\/\/www.asinello.be\/de\/wp-json\/wp\/v2\/pages"}],"about":[{"href":"https:\/\/www.asinello.be\/de\/wp-json\/wp\/v2\/types\/page"}],"author":[{"embeddable":true,"href":"https:\/\/www.asinello.be\/de\/wp-json\/wp\/v2\/users\/1"}],"replies":[{"embeddable":true,"href":"https:\/\/www.asinello.be\/de\/wp-json\/wp\/v2\/comments?post=904"}],"version-history":[{"count":1,"href":"https:\/\/www.asinello.be\/de\/wp-json\/wp\/v2\/pages\/904\/revisions"}],"predecessor-version":[{"id":905,"href":"https:\/\/www.asinello.be\/de\/wp-json\/wp\/v2\/pages\/904\/revisions\/905"}],"wp:attachment":[{"href":"https:\/\/www.asinello.be\/de\/wp-json\/wp\/v2\/media?parent=904"}],"curies":[{"name":"wp","href":"https:\/\/api.w.org\/{rel}","templated":true}]}}