{"id":402,"date":"2024-12-15T12:12:12","date_gmt":"2024-12-15T12:12:12","guid":{"rendered":"http:\/\/localhost:8888\/bedrijven\/Asinello\/?page_id=402"},"modified":"2025-08-21T20:01:20","modified_gmt":"2025-08-21T20:01:20","slug":"over-ons","status":"publish","type":"page","link":"https:\/\/www.asinello.be\/fr\/over-ons\/","title":{"rendered":"A propos de nous"},"content":{"rendered":"<section class=\"l-section wpb_row height_auto\"><div class=\"l-section-h i-cf\"><div class=\"g-cols vc_row via_grid cols_2-1 laptops-cols_inherit tablets-cols_inherit mobiles-cols_1 valign_top type_default stacking_default\"><div class=\"wpb_column vc_column_container\"><div class=\"vc_column-inner\"><div class=\"wpb_text_column\"><div class=\"wpb_wrapper\"><p>La maison, qui abrite aujourd'hui trois chambres modernes, a eu plusieurs autres usages dans le pass\u00e9. Elle \u00e9tait autrefois une annexe des Carmes d\u00e9chauss\u00e9s de Gand, un ordre monastique qui accueillait les pauvres \u00e0 Bruges. Dans les ann\u00e9es 19<sup>les<\/sup> si\u00e8cle, le fr\u00e8re de Guido Gezelle, un p\u00e8re-po\u00e8te flamand bien connu, Romain Gezelle, a v\u00e9cu ici. Il y ouvrit une \"boutique \u00e0 quatre travaux\" et fut donc fabricant de feux d'artifice. C'\u00e9tait d\u00e9j\u00e0 un m\u00e9tier dangereux \u00e0 l'\u00e9poque. Sur ordre de la ville, il doit faire sauter la porte de la ville au niveau du pont Katelijne. Il a \u00e9t\u00e9 gravement bless\u00e9 et a eu une jambe coup\u00e9e \u00e0 l'h\u00f4pital St John.<\/p>\n<p>Une serre \u00e0 fleurs, en libre acc\u00e8s, \u00e9tait attenante \u00e0 son magasin.<\/p>\n<p>Aujourd'hui encore, cette adresse reste un lieu d'hospitalit\u00e9 g\u00e9n\u00e9reuse et d'ouverture. Une base id\u00e9ale au centre de la ville pour d\u00e9couvrir non seulement les sites c\u00e9l\u00e8bres de Bruges, mais aussi ses joyaux plus tranquilles et insoup\u00e7onn\u00e9s. Nous nous ferons un plaisir de vous conseiller dans cette d\u00e9couverte.<\/p>\n<p>Nous, V\u00e9ronique et Jan, aimons notre ville, aimons y vivre et d\u00e9couvrons chaque jour ce qu'elle a \u00e0 offrir en termes de culture, de d\u00e9tente et de gastronomie.<\/p>\n<p>La maison est certes situ\u00e9e pr\u00e8s de la place du march\u00e9, mais elle est tr\u00e8s discr\u00e8te, entre deux rues. Seule la porte d'entr\u00e9e donne sur l'Ezelstraat 59. Par la porte d'entr\u00e9e, vous entrez dans le jardin de la cour du B&amp;B, une oasis de calme.<\/p>\n<p>Dans notre maison, nous aimons \u00eatre entour\u00e9s de meubles \u00e9l\u00e9gants, de beaux objets design et d'\u0153uvres d'art ici et l\u00e0.<\/p>\n<p>La maison est \u00e9galement bien situ\u00e9e pour explorer les environs de Bruges \u00e0 v\u00e9lo ou en transports en commun, ou m\u00eame pour se rendre \u00e0 la mer, situ\u00e9e \u00e0 moins de 15 km.<\/p>\n<\/div><\/div><\/div><\/div><div class=\"wpb_column vc_column_container\"><div class=\"vc_column-inner\"><div class=\"w-image us_custom_9cf479d2 align_none\"><div class=\"w-image-h\"><img decoding=\"async\" width=\"1707\" height=\"2560\" src=\"https:\/\/www.asinello.be\/wp-content\/uploads\/2025\/08\/Asinello-1-scaled.jpg\" class=\"attachment-full size-full\" alt=\"\" loading=\"lazy\" srcset=\"https:\/\/www.asinello.be\/wp-content\/uploads\/2025\/08\/Asinello-1-scaled.jpg 1707w, https:\/\/www.asinello.be\/wp-content\/uploads\/2025\/08\/Asinello-1-200x300.jpg 200w, https:\/\/www.asinello.be\/wp-content\/uploads\/2025\/08\/Asinello-1-683x1024.jpg 683w, https:\/\/www.asinello.be\/wp-content\/uploads\/2025\/08\/Asinello-1-67x100.jpg 67w, https:\/\/www.asinello.be\/wp-content\/uploads\/2025\/08\/Asinello-1-133x200.jpg 133w, https:\/\/www.asinello.be\/wp-content\/uploads\/2025\/08\/Asinello-1-100x150.jpg 100w\" sizes=\"auto, (max-width: 1707px) 100vw, 1707px\" \/><\/div><\/div><\/div><\/div><\/div><\/div><\/section>","protected":false},"excerpt":{"rendered":"Het huis, waarin nu 3 moderne kamers zijn ingericht, heeft verscheidene andere bestemmingen gehad in het verleden. Het was ooit een bijhuis van de Ongeschoeide karmelietessen van Gent, een kloosterorde, dat in Brugge armen opving. In de 19de eeuw woonde hier de broer van Guido Gezelle, een bekende Vlaamse pater-dichter, Romain Gezelle. Hij opende hier...","protected":false},"author":1,"featured_media":0,"parent":0,"menu_order":0,"comment_status":"closed","ping_status":"closed","template":"","meta":{"_acf_changed":false,"_seopress_robots_primary_cat":"","_seopress_titles_title":"","_seopress_titles_desc":"","_seopress_robots_index":"","footnotes":""},"class_list":["post-402","page","type-page","status-publish","hentry"],"acf":[],"_links":{"self":[{"href":"https:\/\/www.asinello.be\/fr\/wp-json\/wp\/v2\/pages\/402","targetHints":{"allow":["GET"]}}],"collection":[{"href":"https:\/\/www.asinello.be\/fr\/wp-json\/wp\/v2\/pages"}],"about":[{"href":"https:\/\/www.asinello.be\/fr\/wp-json\/wp\/v2\/types\/page"}],"author":[{"embeddable":true,"href":"https:\/\/www.asinello.be\/fr\/wp-json\/wp\/v2\/users\/1"}],"replies":[{"embeddable":true,"href":"https:\/\/www.asinello.be\/fr\/wp-json\/wp\/v2\/comments?post=402"}],"version-history":[{"count":10,"href":"https:\/\/www.asinello.be\/fr\/wp-json\/wp\/v2\/pages\/402\/revisions"}],"predecessor-version":[{"id":696,"href":"https:\/\/www.asinello.be\/fr\/wp-json\/wp\/v2\/pages\/402\/revisions\/696"}],"wp:attachment":[{"href":"https:\/\/www.asinello.be\/fr\/wp-json\/wp\/v2\/media?parent=402"}],"curies":[{"name":"wp","href":"https:\/\/api.w.org\/{rel}","templated":true}]}}