{"id":451,"date":"2024-12-15T20:10:38","date_gmt":"2024-12-15T20:10:38","guid":{"rendered":"http:\/\/localhost:8888\/bedrijven\/Asinello\/?page_id=451"},"modified":"2025-09-14T17:57:20","modified_gmt":"2025-09-14T17:57:20","slug":"kamers","status":"publish","type":"page","link":"https:\/\/www.asinello.be\/fr\/kamers\/","title":{"rendered":"Chambres"},"content":{"rendered":"<section class=\"l-section wpb_row height_small\"><div class=\"l-section-h i-cf\"><div class=\"g-cols vc_row via_grid cols_1 laptops-cols_inherit tablets-cols_inherit mobiles-cols_1 valign_top type_default stacking_default\"><div class=\"wpb_column vc_column_container\"><div class=\"vc_column-inner\"><div class=\"wpb_text_column\"><div class=\"wpb_wrapper\"><p>Le B&amp;B Asinello se trouve dans un b\u00e2timent historique, comme il en existe heureusement beaucoup \u00e0 Bruges, mais il a \u00e9t\u00e9 r\u00e9nov\u00e9 de fa\u00e7on experte. Il est \u00e9conome en \u00e9nergie et offre tout le confort moderne. Chaque chambre est accueillante et confortablement meubl\u00e9e et dispose d'un lit Auping, d'un choix d'oreillers, d'une salle de bains priv\u00e9e, de la climatisation\/chauffage et d'une t\u00e9l\u00e9vision.<\/p>\n<p>Les noms \"Marie\", \"Baptiste\" et \"Germaine\" font r\u00e9f\u00e9rence aux derniers habitants de l'hospice.<\/p>\n<\/div><\/div><\/div><\/div><\/div><\/div><\/section><section class=\"l-section wpb_row height_auto\"><div class=\"l-section-h i-cf\"><div class=\"g-cols vc_row via_grid cols_1 laptops-cols_inherit tablets-cols_inherit mobiles-cols_1 valign_top type_default stacking_default\"><div class=\"wpb_column vc_column_container\"><div class=\"vc_column-inner\"><div class=\"w-grid us_post_list type_grid layout_344 cols_3 preload_style_spinner\" id=\"us_post_list_rd8c\" style=\"--columns:3;--gap:5px;\" data-filterable=\"true\"><style>@media (max-width:1024px){#us_post_list_rd8c{--gap:30px!important}}@media (max-width:768px){#us_post_list_rd8c{--columns:1!important}}@media (max-width:768px){#us_post_list_rd8c{--gap:30px!important}}.layout_344 .w-grid-item-h{background:rgba(0,0,0,0.60);border-radius:0.6rem}.layout_344 .usg_vwrapper_1{transition-duration:0.3s;transform-origin:50% 50%;transform:scale(1) translate(0%,0%)}.layout_344 .w-grid-item-h:focus-within .usg_vwrapper_1,.layout_344 .w-grid-item-h:hover .usg_vwrapper_1{transform:scale(1) translate(0%,0%);opacity:1;background:rgba(0,0,0,0.30)!important}.layout_344 .usg_post_title_1{transition-duration:0.15s;transform-origin:50% 50%;transform:scale(1) translate(0%,-100%);opacity:0}.layout_344 .w-grid-item-h:focus-within .usg_post_title_1,.layout_344 .w-grid-item-h:hover .usg_post_title_1{transform:scale(1) translate(0%,0%);opacity:1;color:#ffffff!important}.layout_344 .usg_vwrapper_1{height:280px!important;border-radius:10px!important;z-index:50!important}.layout_344 .usg_post_title_1{color:#ffffff!important;width:fit-content!important;border-radius:5px!important;padding:10px!important;background:rgba(0,0,0,0.45)!important}.layout_344 .usg_post_custom_field_1{height:40px!important;border-radius:0 0 20px 20px!important;position:absolute!important;top:0!important;right:20px!important;z-index:100!important;padding:10px!important;background:#c9c9c9!important}.layout_344 .usg_html_1{margin-top:10px!important;position:absolute!important;bottom:- 60px!important}<\/style><div class=\"w-grid-list\">\t<article class=\"w-grid-item size_1x1 post-339 kamers type-kamers status-publish has-post-thumbnail hentry\" data-id=\"339\">\r\n\t\t<div class=\"w-grid-item-h\" style=\"background:url(https:\/\/www.asinello.be\/wp-content\/uploads\/2025\/08\/Asinello-22-scaled.jpg) center center\/cover no-repeat;\">\r\n\t\t\t\t\t\t<div class=\"w-post-elm post_custom_field usg_post_custom_field_1 type_text kamerprijs color_link_inherit has_border_radius has_height\"><span class=\"w-post-elm-before\">v.a. <\/span><span class=\"w-post-elm-value\">135<\/span><span class=\"w-post-elm-after\"> Euro \/ nuit<\/span><\/div><div class=\"w-vwrapper usg_vwrapper_1 align_center valign_middle has-link\"><h3 class=\"w-post-elm post_title usg_post_title_1 has_text_color align_center entry-title color_link_inherit\"><a href=\"https:\/\/www.asinello.be\/fr\/kamers\/marie\/\">Marie<\/a><\/h3><a href=\"https:\/\/www.asinello.be\/fr\/kamers\/marie\/\" class=\"w-vwrapper-link smooth-scroll\" aria-label=\"Lien\"><\/a><\/div><div class=\"w-html usg_html_1\"><div class=\"mtbp-wrap\" id=\"mtbp-if2tF2kA-1\">\n  <a href=\"https:\/\/bb-asinello.w.mytourist.cloud\/fr\/availability\"\n     class=\"w-btn w-btn mtbp-open us-btn-style_3 mtbp-open\"\n     data-url=\"https:\/\/bb-asinello.w.mytourist.cloud\/fr\/availability\">\n              <i class=\"fal fa-bed-alt\" aria-hidden=\"true\"><\/i>&nbsp;\n          V\u00e9rifier la disponibilit\u00e9  <\/a>\n\n  <!-- Popup modal -->\n  <div class=\"mtbp-modal\" id=\"mtbp-if2tF2kA-1-modal\" hidden>\n    <div class=\"mtbp-modal-backdrop\" data-close=\"mtbp-if2tF2kA-1\"><\/div>\n    <div class=\"mtbp-modal-dialog\" role=\"dialog\" aria-modal=\"true\" aria-labelledby=\"mtbp-if2tF2kA-1-title\">\n      <div class=\"mtbp-modal-header\">\n        <div id=\"mtbp-if2tF2kA-1-title\">\n          R\u00e9servez votre chambre sans tarder        <\/div>\n        <button type=\"button\"\n                class=\"mtbp-modal-close\"\n                aria-label=\"Fermer\"\n                data-close=\"mtbp-if2tF2kA-1\">\u2715<\/button>\n      <\/div>\n      <div class=\"mtbp-modal-body\">\n        <iframe id=\"mtbp-if2tF2kA-1-iframe\"\n                src=\"about:blank\"\n                loading=\"lazy\"\n                referrerpolicy=\"no-referrer-when-downgrade\"\n                sandbox=\"allow-forms allow-scripts allow-same-origin allow-popups allow-top-navigation-by-user-activation\"\n                title=\"Disponibilit\u00e9MyTourist\"><\/iframe>\n      <\/div>\n      <div class=\"mtbp-modal-footer\">\n        <a class=\"mtbp-button mtbp-alt\"\n           href=\"https:\/\/bb-asinello.w.mytourist.cloud\/fr\/availability\"\n           target=\"_blank\"\n           rel=\"noopener noreferrer\"\n           id=\"mtbp-if2tF2kA-1-fallback\">\n           Ouvrir dans un nouvel onglet        <\/a>\n      <\/div>\n    <\/div>\n  <\/div>\n<\/div>\n<\/div>\t\t<\/div>\r\n\t\t\t<\/article>\r\n\t<article class=\"w-grid-item size_1x1 post-347 kamers type-kamers status-publish has-post-thumbnail hentry\" data-id=\"347\">\r\n\t\t<div class=\"w-grid-item-h\" style=\"background:url(https:\/\/www.asinello.be\/wp-content\/uploads\/2025\/08\/Asinello-29-scaled.jpg) center center\/cover no-repeat;\">\r\n\t\t\t\t\t\t<div class=\"w-post-elm post_custom_field usg_post_custom_field_1 type_text kamerprijs color_link_inherit has_border_radius has_height\"><span class=\"w-post-elm-before\">v.a. <\/span><span class=\"w-post-elm-value\">155<\/span><span class=\"w-post-elm-after\"> Euro \/ nuit<\/span><\/div><div class=\"w-vwrapper usg_vwrapper_1 align_center valign_middle has-link\"><h3 class=\"w-post-elm post_title usg_post_title_1 has_text_color align_center entry-title color_link_inherit\"><a href=\"https:\/\/www.asinello.be\/fr\/kamers\/baptiste\/\">Baptiste<\/a><\/h3><a href=\"https:\/\/www.asinello.be\/fr\/kamers\/baptiste\/\" class=\"w-vwrapper-link smooth-scroll\" aria-label=\"Lien\"><\/a><\/div><div class=\"w-html usg_html_1\"><div class=\"mtbp-wrap\" id=\"mtbp-AuFPiznN-2\">\n  <a href=\"https:\/\/bb-asinello.w.mytourist.cloud\/fr\/availability\"\n     class=\"w-btn w-btn mtbp-open us-btn-style_3 mtbp-open\"\n     data-url=\"https:\/\/bb-asinello.w.mytourist.cloud\/fr\/availability\">\n              <i class=\"fal fa-bed-alt\" aria-hidden=\"true\"><\/i>&nbsp;\n          V\u00e9rifier la disponibilit\u00e9  <\/a>\n\n  <!-- Popup modal -->\n  <div class=\"mtbp-modal\" id=\"mtbp-AuFPiznN-2-modal\" hidden>\n    <div class=\"mtbp-modal-backdrop\" data-close=\"mtbp-AuFPiznN-2\"><\/div>\n    <div class=\"mtbp-modal-dialog\" role=\"dialog\" aria-modal=\"true\" aria-labelledby=\"mtbp-AuFPiznN-2-title\">\n      <div class=\"mtbp-modal-header\">\n        <div id=\"mtbp-AuFPiznN-2-title\">\n          R\u00e9servez votre chambre sans tarder        <\/div>\n        <button type=\"button\"\n                class=\"mtbp-modal-close\"\n                aria-label=\"Fermer\"\n                data-close=\"mtbp-AuFPiznN-2\">\u2715<\/button>\n      <\/div>\n      <div class=\"mtbp-modal-body\">\n        <iframe id=\"mtbp-AuFPiznN-2-iframe\"\n                src=\"about:blank\"\n                loading=\"lazy\"\n                referrerpolicy=\"no-referrer-when-downgrade\"\n                sandbox=\"allow-forms allow-scripts allow-same-origin allow-popups allow-top-navigation-by-user-activation\"\n                title=\"Disponibilit\u00e9MyTourist\"><\/iframe>\n      <\/div>\n      <div class=\"mtbp-modal-footer\">\n        <a class=\"mtbp-button mtbp-alt\"\n           href=\"https:\/\/bb-asinello.w.mytourist.cloud\/fr\/availability\"\n           target=\"_blank\"\n           rel=\"noopener noreferrer\"\n           id=\"mtbp-AuFPiznN-2-fallback\">\n           Ouvrir dans un nouvel onglet        <\/a>\n      <\/div>\n    <\/div>\n  <\/div>\n<\/div>\n<\/div>\t\t<\/div>\r\n\t\t\t<\/article>\r\n\t<article class=\"w-grid-item size_1x1 post-357 kamers type-kamers status-publish has-post-thumbnail hentry\" data-id=\"357\">\r\n\t\t<div class=\"w-grid-item-h\" style=\"background:url(https:\/\/www.asinello.be\/wp-content\/uploads\/2025\/08\/Asinello-33-scaled.jpg) center center\/cover no-repeat;\">\r\n\t\t\t\t\t\t<div class=\"w-post-elm post_custom_field usg_post_custom_field_1 type_text kamerprijs color_link_inherit has_border_radius has_height\"><span class=\"w-post-elm-before\">v.a. <\/span><span class=\"w-post-elm-value\">180<\/span><span class=\"w-post-elm-after\"> Euro \/ nuit<\/span><\/div><div class=\"w-vwrapper usg_vwrapper_1 align_center valign_middle has-link\"><h3 class=\"w-post-elm post_title usg_post_title_1 has_text_color align_center entry-title color_link_inherit\"><a href=\"https:\/\/www.asinello.be\/fr\/kamers\/germaintje\/\">Germaintje<\/a><\/h3><a href=\"https:\/\/www.asinello.be\/fr\/kamers\/germaintje\/\" class=\"w-vwrapper-link smooth-scroll\" aria-label=\"Lien\"><\/a><\/div><div class=\"w-html usg_html_1\"><div class=\"mtbp-wrap\" id=\"mtbp-b5YTqvjj-3\">\n  <a href=\"https:\/\/bb-asinello.w.mytourist.cloud\/fr\/availability\"\n     class=\"w-btn w-btn mtbp-open us-btn-style_3 mtbp-open\"\n     data-url=\"https:\/\/bb-asinello.w.mytourist.cloud\/fr\/availability\">\n              <i class=\"fal fa-bed-alt\" aria-hidden=\"true\"><\/i>&nbsp;\n          V\u00e9rifier la disponibilit\u00e9  <\/a>\n\n  <!-- Popup modal -->\n  <div class=\"mtbp-modal\" id=\"mtbp-b5YTqvjj-3-modal\" hidden>\n    <div class=\"mtbp-modal-backdrop\" data-close=\"mtbp-b5YTqvjj-3\"><\/div>\n    <div class=\"mtbp-modal-dialog\" role=\"dialog\" aria-modal=\"true\" aria-labelledby=\"mtbp-b5YTqvjj-3-title\">\n      <div class=\"mtbp-modal-header\">\n        <div id=\"mtbp-b5YTqvjj-3-title\">\n          R\u00e9servez votre chambre sans tarder        <\/div>\n        <button type=\"button\"\n                class=\"mtbp-modal-close\"\n                aria-label=\"Fermer\"\n                data-close=\"mtbp-b5YTqvjj-3\">\u2715<\/button>\n      <\/div>\n      <div class=\"mtbp-modal-body\">\n        <iframe id=\"mtbp-b5YTqvjj-3-iframe\"\n                src=\"about:blank\"\n                loading=\"lazy\"\n                referrerpolicy=\"no-referrer-when-downgrade\"\n                sandbox=\"allow-forms allow-scripts allow-same-origin allow-popups allow-top-navigation-by-user-activation\"\n                title=\"Disponibilit\u00e9MyTourist\"><\/iframe>\n      <\/div>\n      <div class=\"mtbp-modal-footer\">\n        <a class=\"mtbp-button mtbp-alt\"\n           href=\"https:\/\/bb-asinello.w.mytourist.cloud\/fr\/availability\"\n           target=\"_blank\"\n           rel=\"noopener noreferrer\"\n           id=\"mtbp-b5YTqvjj-3-fallback\">\n           Ouvrir dans un nouvel onglet        <\/a>\n      <\/div>\n    <\/div>\n  <\/div>\n<\/div>\n<\/div>\t\t<\/div>\r\n\t\t\t<\/article>\r\n<\/div><div class=\"g-loadmore hidden\"><div class=\"g-preloader type_1\"><div><\/div><\/div><\/div><div class=\"w-grid-list-json hidden\" onclick='return {&quot;max_num_pages&quot;:0,&quot;pagination&quot;:&quot;none&quot;,&quot;paged&quot;:1,&quot;ajaxData&quot;:{&quot;action&quot;:&quot;us_ajax_post_list&quot;,&quot;meta_type&quot;:&quot;post&quot;,&quot;object_id&quot;:0,&quot;template_vars&quot;:{&quot;paged&quot;:1,&quot;max_num_pages&quot;:0,&quot;no_results&quot;:false,&quot;source&quot;:&quot;all&quot;,&quot;custom_field_name&quot;:&quot;&quot;,&quot;ids&quot;:&quot;&quot;,&quot;post_type&quot;:&quot;kamers&quot;,&quot;attachment_ids&quot;:null,&quot;include_post_thumbnail&quot;:0,&quot;post_author&quot;:&quot;any&quot;,&quot;post_author_ids&quot;:&quot;&quot;,&quot;apply_url_params&quot;:0,&quot;exclude_children&quot;:0,&quot;exclude_current_post&quot;:1,&quot;exclude_prev_posts&quot;:0,&quot;enable_items_offset&quot;:0,&quot;items_offset&quot;:&quot;1&quot;,&quot;tax_query_relation&quot;:&quot;none&quot;,&quot;tax_query&quot;:[{&quot;operator&quot;:&quot;IN&quot;,&quot;taxonomy&quot;:&quot;category&quot;,&quot;terms&quot;:&quot;&quot;,&quot;include_children&quot;:0}],&quot;meta_query_relation&quot;:&quot;none&quot;,&quot;meta_query&quot;:[{&quot;key&quot;:&quot;custom_field_name&quot;,&quot;compare&quot;:&quot;=&quot;,&quot;value&quot;:&quot;&quot;}],&quot;orderby&quot;:&quot;date&quot;,&quot;orderby_custom_field&quot;:&quot;&quot;,&quot;orderby_custom_type&quot;:0,&quot;order_invert&quot;:0,&quot;show_all&quot;:0,&quot;quantity&quot;:&quot;3&quot;,&quot;posts_per_archive_page&quot;:0,&quot;no_items_action&quot;:&quot;message&quot;,&quot;no_items_message&quot;:&quot;Aucun r\\u00e9sultat.&quot;,&quot;no_items_page_block&quot;:&quot;&quot;,&quot;pagination&quot;:&quot;none&quot;,&quot;pagination_style&quot;:&quot;&quot;,&quot;pagination_btn_text&quot;:&quot;Charger plus&quot;,&quot;pagination_btn_size&quot;:&quot;&quot;,&quot;pagination_btn_style&quot;:&quot;1&quot;,&quot;pagination_btn_fullwidth&quot;:0,&quot;items_layout&quot;:&quot;344&quot;,&quot;type&quot;:&quot;grid&quot;,&quot;items_valign&quot;:0,&quot;ignore_items_size&quot;:0,&quot;columns&quot;:&quot;3&quot;,&quot;items_gap&quot;:&quot;5px&quot;,&quot;load_animation&quot;:&quot;none&quot;,&quot;items_preload_style&quot;:&quot;spinner&quot;,&quot;img_size&quot;:&quot;default&quot;,&quot;title_size&quot;:&quot;&quot;,&quot;items_ratio&quot;:&quot;default&quot;,&quot;items_ratio_width&quot;:&quot;21&quot;,&quot;items_ratio_height&quot;:&quot;9&quot;,&quot;overriding_link&quot;:&quot;%7B%22url%22%3A%22%22%7D&quot;,&quot;popup_width&quot;:&quot;&quot;,&quot;popup_arrows&quot;:1,&quot;breakpoint_1_width&quot;:&quot;1281px&quot;,&quot;breakpoint_1_cols&quot;:&quot;default&quot;,&quot;breakpoint_1_quantity&quot;:&quot;&quot;,&quot;breakpoint_1_gap&quot;:&quot;&quot;,&quot;breakpoint_2_width&quot;:&quot;1025px&quot;,&quot;breakpoint_2_cols&quot;:&quot;3&quot;,&quot;breakpoint_2_quantity&quot;:&quot;&quot;,&quot;breakpoint_2_gap&quot;:&quot;30px&quot;,&quot;breakpoint_3_width&quot;:&quot;769px&quot;,&quot;breakpoint_3_cols&quot;:&quot;1&quot;,&quot;breakpoint_3_quantity&quot;:&quot;&quot;,&quot;breakpoint_3_gap&quot;:&quot;30px&quot;,&quot;conditions_operator&quot;:&quot;always&quot;,&quot;conditions&quot;:[],&quot;css&quot;:null,&quot;el_class&quot;:&quot;&quot;,&quot;el_id&quot;:&quot;&quot;,&quot;enable_custom_html_atts&quot;:0,&quot;custom_html_atts&quot;:null,&quot;hide_on_states&quot;:&quot;&quot;,&quot;hide_for_sticky&quot;:0,&quot;hide_for_not_sticky&quot;:0,&quot;hide_below&quot;:&quot;0px&quot;,&quot;hide_above&quot;:&quot;0px&quot;,&quot;classes&quot;:&quot;&quot;}},&quot;facetedFilter&quot;:[]}'><\/div><\/div><\/div><\/div><\/div><\/div><\/section>","protected":false},"excerpt":{"rendered":"","protected":false},"author":1,"featured_media":0,"parent":0,"menu_order":0,"comment_status":"closed","ping_status":"closed","template":"","meta":{"_acf_changed":false,"_seopress_robots_primary_cat":"","_seopress_titles_title":"","_seopress_titles_desc":"","_seopress_robots_index":"","footnotes":""},"class_list":["post-451","page","type-page","status-publish","hentry"],"acf":[],"_links":{"self":[{"href":"https:\/\/www.asinello.be\/fr\/wp-json\/wp\/v2\/pages\/451","targetHints":{"allow":["GET"]}}],"collection":[{"href":"https:\/\/www.asinello.be\/fr\/wp-json\/wp\/v2\/pages"}],"about":[{"href":"https:\/\/www.asinello.be\/fr\/wp-json\/wp\/v2\/types\/page"}],"author":[{"embeddable":true,"href":"https:\/\/www.asinello.be\/fr\/wp-json\/wp\/v2\/users\/1"}],"replies":[{"embeddable":true,"href":"https:\/\/www.asinello.be\/fr\/wp-json\/wp\/v2\/comments?post=451"}],"version-history":[{"count":8,"href":"https:\/\/www.asinello.be\/fr\/wp-json\/wp\/v2\/pages\/451\/revisions"}],"predecessor-version":[{"id":986,"href":"https:\/\/www.asinello.be\/fr\/wp-json\/wp\/v2\/pages\/451\/revisions\/986"}],"wp:attachment":[{"href":"https:\/\/www.asinello.be\/fr\/wp-json\/wp\/v2\/media?parent=451"}],"curies":[{"name":"wp","href":"https:\/\/api.w.org\/{rel}","templated":true}]}}