{"id":460,"date":"2024-12-17T19:56:54","date_gmt":"2024-12-17T19:56:54","guid":{"rendered":"http:\/\/localhost:8888\/bedrijven\/Asinello\/?page_id=460"},"modified":"2025-09-20T20:05:02","modified_gmt":"2025-09-20T20:05:02","slug":"goed-om-weten","status":"publish","type":"page","link":"https:\/\/www.asinello.be\/fr\/goed-om-weten\/","title":{"rendered":"Bon \u00e0 savoir"},"content":{"rendered":"<section class=\"l-section wpb_row height_small\"><div class=\"l-section-h i-cf\"><div class=\"g-cols vc_row via_grid cols_1 laptops-cols_inherit tablets-cols_inherit mobiles-cols_1 valign_top type_default stacking_default\"><div class=\"wpb_column vc_column_container\"><div class=\"vc_column-inner\"><div class=\"wpb_text_column\"><div class=\"wpb_wrapper\"><p>Le B&amp;B Asinello est situ\u00e9 dans la rue Ezelstraat, au c\u0153ur de Bruges. Venez passer un agr\u00e9able week-end chez nous.<\/p>\n<\/div><\/div><h3 style=\"text-align: left;font-family:Cookie;font-weight:400;font-style:normal\" class=\"vc_custom_heading vc_do_custom_heading us_custom_0f8f44b7\" >Enregistrement et d\u00e9part<\/h3><div class=\"wpb_text_column\"><div class=\"wpb_wrapper\"><p>Nous vous souhaitons la bienvenue <strong>entre 16h et 19h<\/strong>. Si cela ne fonctionne pas, veuillez nous en informer (+32475414309).<\/p>\n<\/div><\/div><\/div><\/div><\/div><\/div><\/section><section class=\"l-section wpb_row us_custom_d44d8758 has_text_color height_small\"><div class=\"l-section-h i-cf\"><div class=\"g-cols vc_row via_grid cols_2 laptops-cols_inherit tablets-cols_inherit mobiles-cols_1 valign_top type_default stacking_default\" style=\"--columns-gap:1.5rem;\"><div class=\"wpb_column vc_column_container us_custom_4cefe6e8 has_bg_color\"><div class=\"vc_column-overlay\" style=\"background:rgba(0,0,0,0.15)\"><\/div><div class=\"vc_column-inner\"><h3 style=\"text-align: center;font-family:Cookie;font-weight:400;font-style:normal\" class=\"vc_custom_heading vc_do_custom_heading us_custom_0f8f44b7\" >Hamam<\/h3><div class=\"wpb_text_column\"><div class=\"wpb_wrapper\"><p>Pendant votre s\u00e9jour, vous pouvez l'utiliser gratuitement une fois. R\u00e9servez sur place.<\/p>\n<\/div><\/div><\/div><\/div><div class=\"wpb_column vc_column_container us_custom_fad91446 has_bg_color\"><div class=\"vc_column-overlay\" style=\"background:rgba(0,0,0,0.3)\"><\/div><div class=\"vc_column-inner\"><h3 style=\"text-align: center;font-family:Cookie;font-weight:400;font-style:normal\" class=\"vc_custom_heading vc_do_custom_heading us_custom_cda6f729\" >Petit d\u00e9jeuner<\/h3><div class=\"wpb_text_column\"><div class=\"wpb_wrapper\"><p style=\"text-align: center;\">Commencez la journ\u00e9e par un d\u00e9licieux petit-d\u00e9jeuner. Choisissez entre <strong>8h30 et 10h<\/strong> lorsque vous venez d\u00e9guster le petit-d\u00e9jeuner buffet \u00e0 base de produits frais (biologiques). Si vous avez un r\u00e9gime alimentaire particulier, n'h\u00e9sitez pas \u00e0 nous le signaler \u00e0 l'avance. Nous adapterons notre offre en cons\u00e9quence.<\/p>\n<\/div><\/div><\/div><\/div><\/div><\/div><\/section><section class=\"l-section wpb_row height_auto\"><div class=\"l-section-h i-cf\"><div class=\"g-cols vc_row via_grid cols_1 laptops-cols_inherit tablets-cols_inherit mobiles-cols_1 valign_top type_default stacking_default\"><div class=\"wpb_column vc_column_container\"><div class=\"vc_column-inner\"><h3 style=\"text-align: left;font-family:Cookie;font-weight:400;font-style:normal\" class=\"vc_custom_heading vc_do_custom_heading us_custom_0f8f44b7\" >Transport<\/h3><div class=\"wpb_text_column\"><div class=\"wpb_wrapper\"><p>Si vous venez en train, vous pouvez utiliser la navette \u00e9lectrique (3euro\/p), qui part de la zone kiss&amp;ride de la gare et traverse le centre jusqu'\u00e0 l'Ezelstraat.<\/p>\n<\/div><\/div><\/div><\/div><\/div><\/div><\/section><section class=\"l-section wpb_row height_small\"><div class=\"l-section-h i-cf\"><div class=\"g-cols vc_row via_grid cols_1 laptops-cols_inherit tablets-cols_inherit mobiles-cols_1 valign_top type_default stacking_default\"><div class=\"wpb_column vc_column_container\"><div class=\"vc_column-inner\"><h3 style=\"text-align: left;font-family:Cookie;font-weight:400;font-style:normal\" class=\"vc_custom_heading vc_do_custom_heading us_custom_cda6f729\" >Parking<\/h3><div class=\"g-cols wpb_row via_grid cols_2 laptops-cols_inherit tablets-cols_inherit mobiles-cols_1 valign_top type_default stacking_default\" style=\"--columns-gap:3rem;\"><div class=\"wpb_column vc_column_container\"><div class=\"vc_column-inner\"><div class=\"w-map provider_osm us_custom_77d69f7d\" id=\"us_map_1\"><div class=\"w-map-inner\"><div class=\"w-map-json\" onclick='return {&quot;address&quot;:&quot;51.21310306211829, 3.218387099088339&quot;,&quot;disableDragging&quot;:0,&quot;disableZoom&quot;:0,&quot;hideControls&quot;:0,&quot;zoom&quot;:16,&quot;markers&quot;:[{&quot;address&quot;:&quot;51.21310306211829, 3.218387099088339&quot;,&quot;html&quot;:&quot;B&amp;B Asinello&quot;,&quot;infowindow&quot;:&quot;1&quot;},{&quot;address&quot;:&quot;51.214149411383744, 3.2197560821777866&quot;,&quot;html&quot;:&quot;Parking Ezelstraat&quot;,&quot;marker_img&quot;:null,&quot;marker_size&quot;:[&quot;30&quot;,&quot;30&quot;]}],&quot;style&quot;:&quot;https:\\\/\\\/{s}.tile.openstreetmap.org\\\/{z}\\\/{x}\\\/{y}.png&quot;}'><\/div><\/div><\/div><\/div><\/div><div class=\"wpb_column vc_column_container\"><div class=\"vc_column-inner\"><div class=\"wpb_text_column\"><div class=\"wpb_wrapper\"><p>Si vous venez en voiture, vous pouvez r\u00e9server une place de parking priv\u00e9e chez nous (14euro\/24h). Il est situ\u00e9 dans la m\u00eame rue, pr\u00e8s du B&amp;B.<\/p>\n<p>S'il n'y a plus de places de parking disponibles, vous pouvez vous garer dans le parking public \"Ezelstraat\" situ\u00e9 dans le quartier de l'h\u00f4tel de ville. <span>Hugo Losschaertstraat.<\/span><\/p>\n<\/div><\/div><\/div><\/div><\/div><\/div><\/div><\/div><\/div><\/section>","protected":false},"excerpt":{"rendered":"B&amp;B Asinello is gelegen in de Ezelstraat in het hartje van Brugge. Kom bij ons verblijven voor een fijn weekendje weg. Checkin &amp; CheckoutWe verwelkomen je graag tussen 16u-19u. Lukt dat niet, laat het dan even weten (+32475414309). HamamTijdens je verblijf kan je hiervan \u00e9\u00e9n keer gratis gebruik maken. Reserveer ter plaatse. OntbijtStart de dag...","protected":false},"author":1,"featured_media":0,"parent":0,"menu_order":0,"comment_status":"closed","ping_status":"closed","template":"","meta":{"_acf_changed":false,"_seopress_robots_primary_cat":"","_seopress_titles_title":"","_seopress_titles_desc":"","_seopress_robots_index":"","footnotes":""},"class_list":["post-460","page","type-page","status-publish","hentry"],"acf":[],"_links":{"self":[{"href":"https:\/\/www.asinello.be\/fr\/wp-json\/wp\/v2\/pages\/460","targetHints":{"allow":["GET"]}}],"collection":[{"href":"https:\/\/www.asinello.be\/fr\/wp-json\/wp\/v2\/pages"}],"about":[{"href":"https:\/\/www.asinello.be\/fr\/wp-json\/wp\/v2\/types\/page"}],"author":[{"embeddable":true,"href":"https:\/\/www.asinello.be\/fr\/wp-json\/wp\/v2\/users\/1"}],"replies":[{"embeddable":true,"href":"https:\/\/www.asinello.be\/fr\/wp-json\/wp\/v2\/comments?post=460"}],"version-history":[{"count":65,"href":"https:\/\/www.asinello.be\/fr\/wp-json\/wp\/v2\/pages\/460\/revisions"}],"predecessor-version":[{"id":1029,"href":"https:\/\/www.asinello.be\/fr\/wp-json\/wp\/v2\/pages\/460\/revisions\/1029"}],"wp:attachment":[{"href":"https:\/\/www.asinello.be\/fr\/wp-json\/wp\/v2\/media?parent=460"}],"curies":[{"name":"wp","href":"https:\/\/api.w.org\/{rel}","templated":true}]}}