{"id":878,"date":"2025-08-31T19:15:05","date_gmt":"2025-08-31T19:15:05","guid":{"rendered":"https:\/\/asinello.hcwebsites.be\/?page_id=878"},"modified":"2025-09-07T19:14:06","modified_gmt":"2025-09-07T19:14:06","slug":"algemene-voorwaarden","status":"publish","type":"page","link":"https:\/\/www.asinello.be\/fr\/algemene-voorwaarden\/","title":{"rendered":"Conditions g\u00e9n\u00e9rales d'utilisation"},"content":{"rendered":"<section class=\"l-section wpb_row height_auto\"><div class=\"l-section-h i-cf\"><div class=\"g-cols vc_row via_grid cols_1 laptops-cols_inherit tablets-cols_inherit mobiles-cols_1 valign_top type_default stacking_default\"><div class=\"wpb_column vc_column_container\"><div class=\"vc_column-inner\"><div class=\"wpb_text_column\"><div class=\"wpb_wrapper\"><ol>\n<li><strong> G\u00e9n\u00e9ral<\/strong><\/li>\n<\/ol>\n<p>Ces conditions g\u00e9n\u00e9rales s'appliquent \u00e0 toutes les r\u00e9servations, accords et services du B&amp;B Asinello, situ\u00e9 \u00e0 Bruges, Ezelstraat 59A.<\/p>\n<p>En r\u00e9servant une chambre, vous acceptez ces termes et conditions.<\/p>\n<ol start=\"2\">\n<li><strong> R\u00e9servation et paiement<\/strong><\/li>\n<\/ol>\n<p>La r\u00e9servation n'est d\u00e9finitive qu'apr\u00e8s r\u00e9ception d'un acompte de 50% du montant total et d'une confirmation \u00e9crite par e-mail.<\/p>\n<p>Les prix indiqu\u00e9s sont par nuit et comprennent le petit-d\u00e9jeuner, la TVA et la taxe de s\u00e9jour, sauf indication contraire.<\/p>\n<p>Le paiement de la totalit\u00e9 du montant doit \u00eatre effectu\u00e9 de la mani\u00e8re et dans les d\u00e9lais sp\u00e9cifi\u00e9s dans la confirmation de r\u00e9servation.<\/p>\n<ol start=\"3\">\n<li><strong> Annulation<\/strong><\/li>\n<\/ol>\n<p>Les annulations effectu\u00e9es jusqu'\u00e0 7 jours avant la date d'arriv\u00e9e sont gratuites.<\/p>\n<p>En cas d'annulation moins de 7 jours avant la date d'arriv\u00e9e ou de non-pr\u00e9sentation, l'h\u00f4tel pr\u00e9l\u00e8ve, sur la carte de cr\u00e9dit fournie, 100% du montant total du s\u00e9jour.<\/p>\n<p>Nous vous recommandons de souscrire une assurance voyage et annulation.<\/p>\n<ol start=\"4\">\n<li><strong> R\u00e8glement int\u00e9rieur<\/strong><\/li>\n<\/ol>\n<p>En faisant une r\u00e9servation, vous acceptez le r\u00e8glement int\u00e9rieur du B&amp;B Asinello. Ce r\u00e8glement peut \u00eatre consult\u00e9 sur notre site Internet et est \u00e9galement disponible au B&amp;B.<\/p>\n<p>En cas de violation du r\u00e8glement int\u00e9rieur, le B&amp;B Asinello se r\u00e9serve le droit de r\u00e9silier le contrat imm\u00e9diatement, sans remboursement des frais d'h\u00e9bergement.<\/p>\n<p>Les dommages caus\u00e9s aux biens du B&amp;B seront factur\u00e9s.<\/p>\n<ol start=\"5\">\n<li><strong> Responsabilit\u00e9<\/strong><\/li>\n<\/ol>\n<p>Le B&amp;B Asinello n'est pas responsable de la perte, du vol, des accidents ou des dommages caus\u00e9s aux biens personnels ou aux personnes pendant le s\u00e9jour au B&amp;B.<\/p>\n<p>Le B&amp;B n'est pas responsable des interruptions de service, telles que les coupures d'\u00e9lectricit\u00e9, d'internet ou d'eau, ni des nuisances caus\u00e9es par des tiers.<\/p>\n<ol start=\"6\">\n<li><strong> Force majeure<\/strong><\/li>\n<\/ol>\n<p>En cas de force majeure (catastrophes naturelles, incendies, conditions m\u00e9t\u00e9orologiques extr\u00eames), le B&amp;B Asinello se r\u00e9serve le droit d'annuler ou de modifier la r\u00e9servation, sans que le client puisse pr\u00e9tendre \u00e0 une indemnisation.<\/p>\n<ol start=\"7\">\n<li><strong> Plaintes<\/strong><\/li>\n<\/ol>\n<p>Les plaintes concernant le s\u00e9jour doivent \u00eatre signal\u00e9es imm\u00e9diatement et sur place afin que nous puissions tenter de les r\u00e9soudre.<\/p>\n<ol start=\"8\">\n<li><strong> Droit applicable<\/strong><\/li>\n<\/ol>\n<p>Tous les accords entre vous et le B&amp;B Asinello sont r\u00e9gis par le droit belge.<\/p>\n<\/div><\/div><\/div><\/div><\/div><\/div><\/section>","protected":false},"excerpt":{"rendered":"Algemeen Deze algemene voorwaarden zijn van toepassing op alle reserveringen, overeenkomsten en diensten van B&amp;B Asinello, gevestigd te Brugge, Ezelstraat 59A. Met het boeken van een kamer ga je akkoord met deze algemene voorwaarden. Reservering en Betaling Een reservering is pas definitief na ontvangst van een aanbetaling van 50% van het totaalbedrag en na schriftelijke...","protected":false},"author":1,"featured_media":0,"parent":0,"menu_order":0,"comment_status":"closed","ping_status":"closed","template":"","meta":{"_acf_changed":false,"_seopress_robots_primary_cat":"","_seopress_titles_title":"","_seopress_titles_desc":"","_seopress_robots_index":"","footnotes":""},"class_list":["post-878","page","type-page","status-publish","hentry"],"acf":[],"_links":{"self":[{"href":"https:\/\/www.asinello.be\/fr\/wp-json\/wp\/v2\/pages\/878","targetHints":{"allow":["GET"]}}],"collection":[{"href":"https:\/\/www.asinello.be\/fr\/wp-json\/wp\/v2\/pages"}],"about":[{"href":"https:\/\/www.asinello.be\/fr\/wp-json\/wp\/v2\/types\/page"}],"author":[{"embeddable":true,"href":"https:\/\/www.asinello.be\/fr\/wp-json\/wp\/v2\/users\/1"}],"replies":[{"embeddable":true,"href":"https:\/\/www.asinello.be\/fr\/wp-json\/wp\/v2\/comments?post=878"}],"version-history":[{"count":2,"href":"https:\/\/www.asinello.be\/fr\/wp-json\/wp\/v2\/pages\/878\/revisions"}],"predecessor-version":[{"id":903,"href":"https:\/\/www.asinello.be\/fr\/wp-json\/wp\/v2\/pages\/878\/revisions\/903"}],"wp:attachment":[{"href":"https:\/\/www.asinello.be\/fr\/wp-json\/wp\/v2\/media?parent=878"}],"curies":[{"name":"wp","href":"https:\/\/api.w.org\/{rel}","templated":true}]}}