{"id":904,"date":"2025-09-07T19:15:48","date_gmt":"2025-09-07T19:15:48","guid":{"rendered":"https:\/\/asinello.hcwebsites.be\/?page_id=904"},"modified":"2025-09-07T19:15:48","modified_gmt":"2025-09-07T19:15:48","slug":"huisregels","status":"publish","type":"page","link":"https:\/\/www.asinello.be\/fr\/huisregels\/","title":{"rendered":"R\u00e8glement int\u00e9rieur"},"content":{"rendered":"<section class=\"l-section wpb_row height_auto\"><div class=\"l-section-h i-cf\"><div class=\"g-cols vc_row via_grid cols_1 laptops-cols_inherit tablets-cols_inherit mobiles-cols_1 valign_top type_default stacking_default\"><div class=\"wpb_column vc_column_container\"><div class=\"vc_column-inner\"><div class=\"wpb_text_column\"><div class=\"wpb_wrapper\"><p>Bienvenue au B&amp;B Asinello ! Nous nous effor\u00e7ons de vous offrir un s\u00e9jour agr\u00e9able et relaxant. Pour garantir cela \u00e0 tous nos h\u00f4tes, nous vous demandons de bien vouloir respecter les r\u00e8gles suivantes.<\/p>\n<p><strong>G\u00e9n\u00e9ral<\/strong><\/p>\n<p>Respect et tranquillit\u00e9 : Nous vous demandons de respecter le B&amp;B, notre propri\u00e9t\u00e9 et la tranquillit\u00e9 des autres h\u00f4tes. Entre 22h00 et 08h00, nous demandons le silence dans les chambres et les espaces communs.<\/p>\n<p>Responsabilit\u00e9 : Le B&amp;B Asinello n'est pas responsable de la perte, du vol ou de la d\u00e9t\u00e9rioration des effets personnels.<\/p>\n<p>Dommages : Si un objet se brise accidentellement, veuillez nous le signaler imm\u00e9diatement. Les dommages intentionnels peuvent entra\u00eener des frais de r\u00e9paration ou de remplacement.<\/p>\n<p><strong>Enregistrement et d\u00e9part<\/strong><\/p>\n<p>Arriv\u00e9e : Les chambres sont disponibles \u00e0 partir de 16h00. Si vous souhaitez arriver plus t\u00f4t, veuillez nous contacter \u00e0 l'avance pour discuter des possibilit\u00e9s.<\/p>\n<p>D\u00e9part : Vous devez quitter la chambre avant 11h00. Veuillez remettre votre cl\u00e9 au moment du d\u00e9part et r\u00e9gler le solde de votre facture.<\/p>\n<p><strong>Les chambres<\/strong><\/p>\n<p>Fumer : Il est strictement interdit de fumer dans le B&amp;B et dans les chambres. Une zone fumeur est pr\u00e9vue \u00e0 l'ext\u00e9rieur.<\/p>\n<p>Nourriture et boissons : Il est permis de manger et de boire dans les chambres, mais attention aux taches.<\/p>\n<p>Chauffage et ventilation : Nous vous demandons de fermer les fen\u00eatres et les portes lorsque le chauffage ou la climatisation fonctionne.<\/p>\n<p>Cl\u00e9 : Vous \u00eates responsable de la cl\u00e9 de votre chambre et de la porte d'entr\u00e9e. En cas de perte, nous sommes oblig\u00e9s de facturer des frais.<\/p>\n<p>Bain \u00e0 remous : veuillez ne pas activer le bain \u00e0 remous entre 22 heures et 8 heures du matin afin de pr\u00e9server le silence. N'utilisez pas de mousse de bain si vous souhaitez activer les bulles.<\/p>\n<p><strong>Petit d\u00e9jeuner<\/strong><\/p>\n<p>Le petit-d\u00e9jeuner est servi de 8h30 \u00e0 10h30 dans la salle de petit-d\u00e9jeuner.<\/p>\n<p>Vous avez des exigences alimentaires ou des allergies ? Faites-le nous savoir \u00e0 l'avance afin que nous puissions en tenir compte.<\/p>\n<p><strong>Invit\u00e9s<\/strong><\/p>\n<p>L'accueil de visiteurs dans les chambres n'est pas autoris\u00e9, sauf accord pr\u00e9alable avec nous.<\/p>\n<p>Vous \u00eates responsable de vos invit\u00e9s et du respect de ces r\u00e8gles.<\/p>\n<p>Les enfants de moins de 12 ans ne sont pas admis au B&amp;B Asinello.<\/p>\n<p><strong>Hammam<\/strong><\/p>\n<p>Vous pouvez r\u00e9server une s\u00e9ance de hammam par s\u00e9jour. Vous pouvez en discuter avec nous pendant le petit-d\u00e9jeuner. Nous faisons de notre mieux pour programmer cette s\u00e9ance, mais nous ne pouvons pas la garantir, compte tenu des disponibilit\u00e9s.<\/p>\n<p><strong>Bar de l'honn\u00eatet\u00e9<\/strong><\/p>\n<p>Dans notre salle commune, vous trouverez un r\u00e9frig\u00e9rateur avec diverses boissons. Les prix sont indiqu\u00e9s sur la liste de prix qui se trouve \u00e0 c\u00f4t\u00e9. Vous pouvez payer les boissons sur place en esp\u00e8ces en mettant le montant dans le bocal, ou noter les boissons pour que nous puissions les r\u00e9gler \u00e0 la sortie.<\/p>\n<p><strong>Animaux de compagnie<\/strong><\/p>\n<p>Pour des raisons d'hygi\u00e8ne et pour la tranquillit\u00e9 de tous nos h\u00f4tes, les animaux domestiques ne sont pas admis dans notre chambre d'h\u00f4tes.<\/p>\n<p>En cas de violation du r\u00e8glement int\u00e9rieur, nous nous r\u00e9servons le droit de mettre fin \u00e0 l'accord imm\u00e9diatement, sans remboursement des frais d'h\u00e9bergement.<\/p>\n<\/div><\/div><\/div><\/div><\/div><\/div><\/section>","protected":false},"excerpt":{"rendered":"Welkom bij B&amp;B Asinello! We doen er alles aan om je een aangenaam en ontspannen verblijf te bezorgen. Om dit voor al onze gasten te garanderen, vragen we je vriendelijk om rekening te houden met de volgende huisregels. Algemeen Respect en rust: We vragen je om respect te hebben voor de B&amp;B, onze eigendommen en...","protected":false},"author":1,"featured_media":0,"parent":0,"menu_order":0,"comment_status":"closed","ping_status":"closed","template":"","meta":{"_acf_changed":false,"_seopress_robots_primary_cat":"","_seopress_titles_title":"","_seopress_titles_desc":"","_seopress_robots_index":"","footnotes":""},"class_list":["post-904","page","type-page","status-publish","hentry"],"acf":[],"_links":{"self":[{"href":"https:\/\/www.asinello.be\/fr\/wp-json\/wp\/v2\/pages\/904","targetHints":{"allow":["GET"]}}],"collection":[{"href":"https:\/\/www.asinello.be\/fr\/wp-json\/wp\/v2\/pages"}],"about":[{"href":"https:\/\/www.asinello.be\/fr\/wp-json\/wp\/v2\/types\/page"}],"author":[{"embeddable":true,"href":"https:\/\/www.asinello.be\/fr\/wp-json\/wp\/v2\/users\/1"}],"replies":[{"embeddable":true,"href":"https:\/\/www.asinello.be\/fr\/wp-json\/wp\/v2\/comments?post=904"}],"version-history":[{"count":1,"href":"https:\/\/www.asinello.be\/fr\/wp-json\/wp\/v2\/pages\/904\/revisions"}],"predecessor-version":[{"id":905,"href":"https:\/\/www.asinello.be\/fr\/wp-json\/wp\/v2\/pages\/904\/revisions\/905"}],"wp:attachment":[{"href":"https:\/\/www.asinello.be\/fr\/wp-json\/wp\/v2\/media?parent=904"}],"curies":[{"name":"wp","href":"https:\/\/api.w.org\/{rel}","templated":true}]}}